{"id":2431,"date":"2023-09-22T13:38:05","date_gmt":"2023-09-22T03:38:05","guid":{"rendered":"https:\/\/learning.vietbilingual.org\/?page_id=2431"},"modified":"2024-04-06T22:11:57","modified_gmt":"2024-04-06T11:11:57","slug":"sing-a-longs","status":"publish","type":"page","link":"https:\/\/learning.vietbilingual.org\/index.php\/sing-a-longs\/","title":{"rendered":"Sing-a-longs"},"content":{"rendered":"\t\t<div data-elementor-type=\"wp-page\" data-elementor-id=\"2431\" class=\"elementor elementor-2431\">\n\t\t\t\t\t\t\t\t\t<section class=\"elementor-section elementor-top-section elementor-element elementor-element-c86ee49 elementor-section-boxed elementor-section-height-default elementor-section-height-default\" data-id=\"c86ee49\" data-element_type=\"section\">\n\t\t\t\t\t\t<div class=\"elementor-container elementor-column-gap-default\">\n\t\t\t\t\t<div class=\"elementor-column elementor-col-100 elementor-top-column elementor-element elementor-element-5bbf474\" data-id=\"5bbf474\" data-element_type=\"column\">\n\t\t\t<div class=\"elementor-widget-wrap elementor-element-populated\">\n\t\t\t\t\t\t\t\t<div class=\"elementor-element elementor-element-87ee055 elementor-widget elementor-widget-heading\" data-id=\"87ee055\" data-element_type=\"widget\" data-widget_type=\"heading.default\">\n\t\t\t\t<div class=\"elementor-widget-container\">\n\t\t\t<style>\/*! elementor - v3.13.3 - 22-05-2023 *\/\n.elementor-heading-title{padding:0;margin:0;line-height:1}.elementor-widget-heading .elementor-heading-title[class*=elementor-size-]>a{color:inherit;font-size:inherit;line-height:inherit}.elementor-widget-heading .elementor-heading-title.elementor-size-small{font-size:15px}.elementor-widget-heading .elementor-heading-title.elementor-size-medium{font-size:19px}.elementor-widget-heading .elementor-heading-title.elementor-size-large{font-size:29px}.elementor-widget-heading .elementor-heading-title.elementor-size-xl{font-size:39px}.elementor-widget-heading .elementor-heading-title.elementor-size-xxl{font-size:59px}<\/style><h2 class=\"elementor-heading-title elementor-size-default\">B\u00e0i H\u00e1t\nSing-a-Long<\/h2>\t\t<\/div>\n\t\t\t\t<\/div>\n\t\t\t\t<div class=\"elementor-element elementor-element-d454a42 elementor-widget elementor-widget-text-editor\" data-id=\"d454a42\" data-element_type=\"widget\" data-widget_type=\"text-editor.default\">\n\t\t\t\t<div class=\"elementor-widget-container\">\n\t\t\t<style>\/*! elementor - v3.13.3 - 22-05-2023 *\/\n.elementor-widget-text-editor.elementor-drop-cap-view-stacked .elementor-drop-cap{background-color:#69727d;color:#fff}.elementor-widget-text-editor.elementor-drop-cap-view-framed .elementor-drop-cap{color:#69727d;border:3px solid;background-color:transparent}.elementor-widget-text-editor:not(.elementor-drop-cap-view-default) .elementor-drop-cap{margin-top:8px}.elementor-widget-text-editor:not(.elementor-drop-cap-view-default) .elementor-drop-cap-letter{width:1em;height:1em}.elementor-widget-text-editor .elementor-drop-cap{float:left;text-align:center;line-height:1;font-size:50px}.elementor-widget-text-editor .elementor-drop-cap-letter{display:inline-block}<\/style>\t\t\t\t\t\t\t\t\t\t<\/div>\n\t\t\t\t<\/div>\n\t\t\t\t<div class=\"elementor-element elementor-element-e930131 elementor-widget elementor-widget-text-editor\" data-id=\"e930131\" data-element_type=\"widget\" data-widget_type=\"text-editor.default\">\n\t\t\t\t<div class=\"elementor-widget-container\">\n\t\t\t\t\t\t\t<p>\u00a0<\/p><p>Read and sing-a-long to famous Vietnamese children songs, with lyrics and videos included.<\/p>\t\t\t\t\t\t<\/div>\n\t\t\t\t<\/div>\n\t\t\t\t<div class=\"elementor-element elementor-element-570b76b elementor-widget elementor-widget-toggle\" data-id=\"570b76b\" data-element_type=\"widget\" data-widget_type=\"toggle.default\">\n\t\t\t\t<div class=\"elementor-widget-container\">\n\t\t\t<style>\/*! elementor - v3.13.3 - 22-05-2023 *\/\n.elementor-toggle{text-align:left}.elementor-toggle .elementor-tab-title{font-weight:700;line-height:1;margin:0;padding:15px;border-bottom:1px solid #d5d8dc;cursor:pointer;outline:none}.elementor-toggle .elementor-tab-title .elementor-toggle-icon{display:inline-block;width:1em}.elementor-toggle .elementor-tab-title .elementor-toggle-icon svg{-webkit-margin-start:-5px;margin-inline-start:-5px;width:1em;height:1em}.elementor-toggle .elementor-tab-title .elementor-toggle-icon.elementor-toggle-icon-right{float:right;text-align:right}.elementor-toggle .elementor-tab-title .elementor-toggle-icon.elementor-toggle-icon-left{float:left;text-align:left}.elementor-toggle .elementor-tab-title .elementor-toggle-icon .elementor-toggle-icon-closed{display:block}.elementor-toggle .elementor-tab-title .elementor-toggle-icon .elementor-toggle-icon-opened{display:none}.elementor-toggle .elementor-tab-title.elementor-active{border-bottom:none}.elementor-toggle .elementor-tab-title.elementor-active .elementor-toggle-icon-closed{display:none}.elementor-toggle .elementor-tab-title.elementor-active .elementor-toggle-icon-opened{display:block}.elementor-toggle .elementor-tab-content{padding:15px;border-bottom:1px solid #d5d8dc;display:none}@media (max-width:767px){.elementor-toggle .elementor-tab-title{padding:12px}.elementor-toggle .elementor-tab-content{padding:12px 10px}}.e-con-inner>.elementor-widget-toggle,.e-con>.elementor-widget-toggle{width:var(--container-widget-width);--flex-grow:var(--container-widget-flex-grow)}<\/style>\t\t<div class=\"elementor-toggle\" role=\"tablist\">\n\t\t\t\t\t\t\t<div class=\"elementor-toggle-item\">\n\t\t\t\t\t<div id=\"elementor-tab-title-9121\" class=\"elementor-tab-title\" data-tab=\"1\" role=\"tab\" aria-controls=\"elementor-tab-content-9121\" aria-expanded=\"false\">\n\t\t\t\t\t\t\t\t\t\t\t\t<span class=\"elementor-toggle-icon elementor-toggle-icon-left\" aria-hidden=\"true\">\n\t\t\t\t\t\t\t\t\t\t\t\t\t\t\t<span class=\"elementor-toggle-icon-closed\"><i class=\"fas fa-caret-right\"><\/i><\/span>\n\t\t\t\t\t\t\t\t<span class=\"elementor-toggle-icon-opened\"><i class=\"elementor-toggle-icon-opened fas fa-caret-up\"><\/i><\/span>\n\t\t\t\t\t\t\t\t\t\t\t\t\t<\/span>\n\t\t\t\t\t\t\t\t\t\t\t\t<a href=\"\" class=\"elementor-toggle-title\">Ti\u1ebfng Vi\u1ec7t<\/a>\n\t\t\t\t\t<\/div>\n\n\t\t\t\t\t<div id=\"elementor-tab-content-9121\" class=\"elementor-tab-content elementor-clearfix\" data-tab=\"1\" role=\"tabpanel\" aria-labelledby=\"elementor-tab-title-9121\"><p>\u0110\u1ecdc v\u00e0 h\u00e1t c\u00f9ng nh\u1eefng b\u00e0i h\u00e1t d\u00e0nh cho tr\u1ebb em n\u1ed5i ti\u1ebfng Vi\u1ec7t, v\u1edbi l\u1eddi b\u00e0i h\u00e1t v\u00e0 video \u0111i k\u00e8m.<\/p><\/div>\n\t\t\t\t<\/div>\n\t\t\t\t\t\t\t\t<\/div>\n\t\t\t\t<\/div>\n\t\t\t\t<\/div>\n\t\t\t\t<div class=\"elementor-element elementor-element-bdab225 elementor-widget elementor-widget-text-editor\" data-id=\"bdab225\" data-element_type=\"widget\" data-widget_type=\"text-editor.default\">\n\t\t\t\t<div class=\"elementor-widget-container\">\n\t\t\t\t\t\t\t<h3>Instructions &#8211; H\u01b0\u1edbng d\u1eabn<\/h3><p>The song video is on the right and the song lyrics are on the left. Click on the &#8216;play&#8217; icon to start the video. To pause the video, click on the &#8216;play&#8217; button in the bottom left corner of the window. We recommend that you click on the square icon in the bottom-right corner of the window to enlarge the view to full-screen. To minimise again, simply click on the icon again.<\/p><p>To activate auto-generated subtitles in Vietnamese, click the &#8216;CC&#8217; on the video playback bar.<\/p>\t\t\t\t\t\t<\/div>\n\t\t\t\t<\/div>\n\t\t\t\t<div class=\"elementor-element elementor-element-ecee4c7 elementor-widget elementor-widget-toggle\" data-id=\"ecee4c7\" data-element_type=\"widget\" data-widget_type=\"toggle.default\">\n\t\t\t\t<div class=\"elementor-widget-container\">\n\t\t\t\t\t<div class=\"elementor-toggle\" role=\"tablist\">\n\t\t\t\t\t\t\t<div class=\"elementor-toggle-item\">\n\t\t\t\t\t<div id=\"elementor-tab-title-2481\" class=\"elementor-tab-title\" data-tab=\"1\" role=\"tab\" aria-controls=\"elementor-tab-content-2481\" aria-expanded=\"false\">\n\t\t\t\t\t\t\t\t\t\t\t\t<span class=\"elementor-toggle-icon elementor-toggle-icon-left\" aria-hidden=\"true\">\n\t\t\t\t\t\t\t\t\t\t\t\t\t\t\t<span class=\"elementor-toggle-icon-closed\"><i class=\"fas fa-caret-right\"><\/i><\/span>\n\t\t\t\t\t\t\t\t<span class=\"elementor-toggle-icon-opened\"><i class=\"elementor-toggle-icon-opened fas fa-caret-up\"><\/i><\/span>\n\t\t\t\t\t\t\t\t\t\t\t\t\t<\/span>\n\t\t\t\t\t\t\t\t\t\t\t\t<a href=\"\" class=\"elementor-toggle-title\">Ti\u1ebfng Vi\u1ec7t<\/a>\n\t\t\t\t\t<\/div>\n\n\t\t\t\t\t<div id=\"elementor-tab-content-2481\" class=\"elementor-tab-content elementor-clearfix\" data-tab=\"1\" role=\"tabpanel\" aria-labelledby=\"elementor-tab-title-2481\"><p><span style=\"font-weight: 400;\">B\u1ea3n video c\u1ee7a b\u00e0i h\u00e1t \u1edf b\u00ean ph\u1ea3i v\u00e0 l\u1eddi b\u00e0i h\u00e1t \u1edf b\u00ean tr\u00e1i. Nh\u1ea5n v\u00e0o n\u00fat \u2018ph\u00e1t\u2019 (play) \u0111\u1ec3 xem video. \u0110\u1ec3 ng\u1eebng gi\u1eefa ch\u1eebng, c\u0169ng nh\u1ea5n v\u00e0o n\u00fat \u2018ph\u00e1t\u2019 l\u1ea7n n\u1eefa b\u00ean tr\u00e1i c\u1ee7a khung h\u00ecnh. Ch\u00fang t\u00f4i \u0111\u1ec1 ngh\u1ecb c\u00e1c b\u1ea1n n\u00ean nh\u1ea5n v\u00e0o \u00f4 vu\u00f4ng \u1edf g\u00f3c ph\u1ea3i b\u00ean d\u01b0\u1edbi khung h\u00ecnh \u0111\u1ec3 ph\u00f3ng to cho d\u1ec5 xem. \u0110\u1ec3 thu nh\u1ecf tr\u1edf l\u1ea1i c\u0169ng b\u1ea5m v\u00e0o \u00f4 vu\u00f4ng l\u1ea7n n\u1eefa.<\/span><\/p><p><span style=\"font-weight: 400;\">\u0110\u1ec3 m\u1edf ph\u1ee5 \u0111\u1ec1 Vi\u1ec7t ng\u1eef, xin nh\u1ea5n v\u00e0o \u2018CC\u2019 \u1edf tr\u00ean thanh ph\u00e1t h\u00ecnh video.<\/span><\/p><\/div>\n\t\t\t\t<\/div>\n\t\t\t\t\t\t\t\t<\/div>\n\t\t\t\t<\/div>\n\t\t\t\t<\/div>\n\t\t\t\t<div class=\"elementor-element elementor-element-5a5dfec elementor-widget elementor-widget-text-editor\" data-id=\"5a5dfec\" data-element_type=\"widget\" data-widget_type=\"text-editor.default\">\n\t\t\t\t<div class=\"elementor-widget-container\">\n\t\t\t\t\t\t\t\t\t\t\t\t\t<\/div>\n\t\t\t\t<\/div>\n\t\t\t\t\t<\/div>\n\t\t<\/div>\n\t\t\t\t\t\t\t<\/div>\n\t\t<\/section>\n\t\t\t\t<section class=\"elementor-section elementor-top-section elementor-element elementor-element-9bc3226 elementor-section-boxed elementor-section-height-default elementor-section-height-default\" data-id=\"9bc3226\" data-element_type=\"section\">\n\t\t\t\t\t\t<div class=\"elementor-container elementor-column-gap-default\">\n\t\t\t\t\t<div class=\"elementor-column elementor-col-33 elementor-top-column elementor-element elementor-element-fde0c2f\" data-id=\"fde0c2f\" data-element_type=\"column\">\n\t\t\t<div class=\"elementor-widget-wrap elementor-element-populated\">\n\t\t\t\t\t\t\t\t<div class=\"elementor-element elementor-element-46b60d5 elementor-widget elementor-widget-toggle\" data-id=\"46b60d5\" data-element_type=\"widget\" data-widget_type=\"toggle.default\">\n\t\t\t\t<div class=\"elementor-widget-container\">\n\t\t\t\t\t<div class=\"elementor-toggle\" role=\"tablist\">\n\t\t\t\t\t\t\t<div class=\"elementor-toggle-item\">\n\t\t\t\t\t<div id=\"elementor-tab-title-7411\" class=\"elementor-tab-title\" data-tab=\"1\" role=\"tab\" aria-controls=\"elementor-tab-content-7411\" aria-expanded=\"false\">\n\t\t\t\t\t\t\t\t\t\t\t\t<span class=\"elementor-toggle-icon elementor-toggle-icon-left\" aria-hidden=\"true\">\n\t\t\t\t\t\t\t\t\t\t\t\t\t\t\t<span class=\"elementor-toggle-icon-closed\"><i class=\"fas fa-caret-right\"><\/i><\/span>\n\t\t\t\t\t\t\t\t<span class=\"elementor-toggle-icon-opened\"><i class=\"elementor-toggle-icon-opened fas fa-caret-up\"><\/i><\/span>\n\t\t\t\t\t\t\t\t\t\t\t\t\t<\/span>\n\t\t\t\t\t\t\t\t\t\t\t\t<a href=\"\" class=\"elementor-toggle-title\">Yellow Butterfly Song - B\u00e0i H\u00e1t Con B\u01b0\u1edbm V\u00e0ng<\/a>\n\t\t\t\t\t<\/div>\n\n\t\t\t\t\t<div id=\"elementor-tab-content-7411\" class=\"elementor-tab-content elementor-clearfix\" data-tab=\"1\" role=\"tabpanel\" aria-labelledby=\"elementor-tab-title-7411\"><p dir=\"ltr\">Suitable for Entry Level Learners<\/p><p dir=\"ltr\"><span style=\"font-weight: 400;\">Th\u00edch h\u1ee3p cho ng\u01b0\u1eddi m\u1edbi b\u1eaft \u0111\u1ea7u h\u1ecdc ti\u1ebfng Vi\u1ec7t<\/span><\/p><\/div>\n\t\t\t\t<\/div>\n\t\t\t\t\t\t\t\t<\/div>\n\t\t\t\t<\/div>\n\t\t\t\t<\/div>\n\t\t\t\t<div class=\"elementor-element elementor-element-fbd63e6 elementor-widget elementor-widget-video\" data-id=\"fbd63e6\" data-element_type=\"widget\" data-settings=\"{&quot;youtube_url&quot;:&quot;https:\\\/\\\/www.youtube.com\\\/watch?v=CyGe12wdaPw&quot;,&quot;video_type&quot;:&quot;youtube&quot;,&quot;controls&quot;:&quot;yes&quot;}\" data-widget_type=\"video.default\">\n\t\t\t\t<div class=\"elementor-widget-container\">\n\t\t\t<style>\/*! elementor - v3.13.3 - 22-05-2023 *\/\n.elementor-widget-video .elementor-widget-container{overflow:hidden;transform:translateZ(0)}.elementor-widget-video .elementor-wrapper{aspect-ratio:var(--video-aspect-ratio)}.elementor-widget-video .elementor-wrapper iframe,.elementor-widget-video .elementor-wrapper video{height:100%;width:100%;display:flex;border:none;background-color:#000}@supports not (aspect-ratio:1\/1){.elementor-widget-video .elementor-wrapper{position:relative;overflow:hidden;height:0;padding-bottom:calc(100% \/ var(--video-aspect-ratio))}.elementor-widget-video .elementor-wrapper iframe,.elementor-widget-video .elementor-wrapper video{position:absolute;top:0;right:0;bottom:0;left:0}}.elementor-widget-video .elementor-open-inline .elementor-custom-embed-image-overlay{position:absolute;top:0;left:0;width:100%;height:100%;background-size:cover;background-position:50%}.elementor-widget-video .elementor-custom-embed-image-overlay{cursor:pointer;text-align:center}.elementor-widget-video .elementor-custom-embed-image-overlay:hover .elementor-custom-embed-play i{opacity:1}.elementor-widget-video .elementor-custom-embed-image-overlay img{display:block;width:100%}.elementor-widget-video .e-hosted-video .elementor-video{-o-object-fit:cover;object-fit:cover}.e-con-inner>.elementor-widget-video,.e-con>.elementor-widget-video{width:var(--container-widget-width);--flex-grow:var(--container-widget-flex-grow)}<\/style>\t\t<div class=\"elementor-wrapper elementor-open-inline\">\n\t\t\t<div class=\"elementor-video\"><\/div>\t\t<\/div>\n\t\t\t\t<\/div>\n\t\t\t\t<\/div>\n\t\t\t\t<div class=\"elementor-element elementor-element-92c4b43 elementor-widget elementor-widget-image\" data-id=\"92c4b43\" data-element_type=\"widget\" data-widget_type=\"image.default\">\n\t\t\t\t<div class=\"elementor-widget-container\">\n\t\t\t<style>\/*! elementor - v3.13.3 - 22-05-2023 *\/\n.elementor-widget-image{text-align:center}.elementor-widget-image a{display:inline-block}.elementor-widget-image a img[src$=\".svg\"]{width:48px}.elementor-widget-image img{vertical-align:middle;display:inline-block}<\/style>\t\t\t\t\t\t\t\t\t\t\t\t\t<a href=\"https:\/\/learning.vietbilingual.org\/wp-content\/uploads\/2024\/03\/Butterfly-Song-Lyrics.pdf\">\n\t\t\t\t\t\t\t<img loading=\"lazy\" decoding=\"async\" width=\"768\" height=\"1086\" src=\"https:\/\/learning.vietbilingual.org\/wp-content\/uploads\/2024\/04\/Thumbnail_Butterfly-Song-Lyrics-768x1086.png\" class=\"attachment-medium_large size-medium_large wp-image-2537\" alt=\"\" srcset=\"https:\/\/learning.vietbilingual.org\/wp-content\/uploads\/2024\/04\/Thumbnail_Butterfly-Song-Lyrics-768x1086.png 768w, https:\/\/learning.vietbilingual.org\/wp-content\/uploads\/2024\/04\/Thumbnail_Butterfly-Song-Lyrics-212x300.png 212w, https:\/\/learning.vietbilingual.org\/wp-content\/uploads\/2024\/04\/Thumbnail_Butterfly-Song-Lyrics-724x1024.png 724w, https:\/\/learning.vietbilingual.org\/wp-content\/uploads\/2024\/04\/Thumbnail_Butterfly-Song-Lyrics-1086x1536.png 1086w, https:\/\/learning.vietbilingual.org\/wp-content\/uploads\/2024\/04\/Thumbnail_Butterfly-Song-Lyrics.png 1414w\" sizes=\"(max-width: 768px) 100vw, 768px\" \/>\t\t\t\t\t\t\t\t<\/a>\n\t\t\t\t\t\t\t\t\t\t\t\t\t\t\t<\/div>\n\t\t\t\t<\/div>\n\t\t\t\t<div class=\"elementor-element elementor-element-0ad7de8 elementor-align-justify elementor-widget elementor-widget-button\" data-id=\"0ad7de8\" data-element_type=\"widget\" data-widget_type=\"button.default\">\n\t\t\t\t<div class=\"elementor-widget-container\">\n\t\t\t\t\t<div class=\"elementor-button-wrapper\">\n\t\t\t<a href=\"https:\/\/learning.vietbilingual.org\/wp-content\/uploads\/2024\/03\/Butterfly-Song-Lyrics.pdf\" class=\"elementor-button-link elementor-button elementor-size-md\" role=\"button\">\n\t\t\t\t\t\t<span class=\"elementor-button-content-wrapper\">\n\t\t\t\t\t\t\t<span class=\"elementor-button-icon elementor-align-icon-left\">\n\t\t\t\t<i aria-hidden=\"true\" class=\"fas fa-print\"><\/i>\t\t\t<\/span>\n\t\t\t\t\t\t<span class=\"elementor-button-text\">B\u1ea5m v\u00e0o \u0111\u00e2y<\/span>\n\t\t<\/span>\n\t\t\t\t\t<\/a>\n\t\t<\/div>\n\t\t\t\t<\/div>\n\t\t\t\t<\/div>\n\t\t\t\t\t<\/div>\n\t\t<\/div>\n\t\t\t\t<div class=\"elementor-column elementor-col-33 elementor-top-column elementor-element elementor-element-8ba76fc\" data-id=\"8ba76fc\" data-element_type=\"column\">\n\t\t\t<div class=\"elementor-widget-wrap\">\n\t\t\t\t\t\t\t\t\t<\/div>\n\t\t<\/div>\n\t\t\t\t<div class=\"elementor-column elementor-col-33 elementor-top-column elementor-element elementor-element-60e976a\" data-id=\"60e976a\" data-element_type=\"column\">\n\t\t\t<div class=\"elementor-widget-wrap\">\n\t\t\t\t\t\t\t\t\t<\/div>\n\t\t<\/div>\n\t\t\t\t\t\t\t<\/div>\n\t\t<\/section>\n\t\t\t\t\t\t\t<\/div>\n\t\t","protected":false},"excerpt":{"rendered":"<p>B\u00e0i H\u00e1t Sing-a-Long \u00a0 Read and sing-a-long to famous Vietnamese children songs, with lyrics and videos included. Ti\u1ebfng Vi\u1ec7t \u0110\u1ecdc v\u00e0 h\u00e1t c\u00f9ng nh\u1eefng b\u00e0i h\u00e1t d\u00e0nh cho tr\u1ebb em n\u1ed5i ti\u1ebfng Vi\u1ec7t, v\u1edbi l\u1eddi b\u00e0i h\u00e1t v\u00e0 video \u0111i k\u00e8m. Instructions &#8211; H\u01b0\u1edbng d\u1eabn The song video is on the right and the song &hellip;<\/p>\n<p class=\"read-more\"> <a class=\"\" href=\"https:\/\/learning.vietbilingual.org\/index.php\/sing-a-longs\/\"> <span class=\"screen-reader-text\">Sing-a-longs<\/span> Read More &raquo;<\/a><\/p>\n","protected":false},"author":2,"featured_media":0,"parent":0,"menu_order":0,"comment_status":"closed","ping_status":"closed","template":"","meta":{"om_disable_all_campaigns":false,"_monsterinsights_skip_tracking":false,"_monsterinsights_sitenote_active":false,"_monsterinsights_sitenote_note":"","_monsterinsights_sitenote_category":0,"site-sidebar-layout":"no-sidebar","site-content-layout":"page-builder","ast-global-header-display":"","ast-banner-title-visibility":"","ast-main-header-display":"","ast-hfb-above-header-display":"","ast-hfb-below-header-display":"","ast-hfb-mobile-header-display":"","site-post-title":"disabled","ast-breadcrumbs-content":"","ast-featured-img":"disabled","footer-sml-layout":"","theme-transparent-header-meta":"","adv-header-id-meta":"","stick-header-meta":"","header-above-stick-meta":"","header-main-stick-meta":"","header-below-stick-meta":"","footnotes":""},"aioseo_notices":[],"_links":{"self":[{"href":"https:\/\/learning.vietbilingual.org\/index.php\/wp-json\/wp\/v2\/pages\/2431"}],"collection":[{"href":"https:\/\/learning.vietbilingual.org\/index.php\/wp-json\/wp\/v2\/pages"}],"about":[{"href":"https:\/\/learning.vietbilingual.org\/index.php\/wp-json\/wp\/v2\/types\/page"}],"author":[{"embeddable":true,"href":"https:\/\/learning.vietbilingual.org\/index.php\/wp-json\/wp\/v2\/users\/2"}],"replies":[{"embeddable":true,"href":"https:\/\/learning.vietbilingual.org\/index.php\/wp-json\/wp\/v2\/comments?post=2431"}],"version-history":[{"count":37,"href":"https:\/\/learning.vietbilingual.org\/index.php\/wp-json\/wp\/v2\/pages\/2431\/revisions"}],"predecessor-version":[{"id":2544,"href":"https:\/\/learning.vietbilingual.org\/index.php\/wp-json\/wp\/v2\/pages\/2431\/revisions\/2544"}],"wp:attachment":[{"href":"https:\/\/learning.vietbilingual.org\/index.php\/wp-json\/wp\/v2\/media?parent=2431"}],"curies":[{"name":"wp","href":"https:\/\/api.w.org\/{rel}","templated":true}]}}